{"id":4767,"date":"2022-03-07T12:54:06","date_gmt":"2022-03-07T11:54:06","guid":{"rendered":"http:\/\/www.lagerkvist.se\/wp\/?page_id=4767"},"modified":"2024-12-10T14:27:00","modified_gmt":"2024-12-10T13:27:00","slug":"nya-bocker","status":"publish","type":"page","link":"http:\/\/www.lagerkvist.se\/wp\/publicerade-dokument\/nya-bocker\/","title":{"rendered":"Nya b\u00f6cker"},"content":{"rendered":"\n<figure class=\"wp-block-image size-large is-resized\"><img decoding=\"async\" loading=\"lazy\" src=\"http:\/\/www.lagerkvist.se\/wp-content\/uploads\/IMG_5422-984x1024.jpg\" alt=\"\" class=\"wp-image-4894\" style=\"width:423px;height:440px\" width=\"423\" height=\"440\" srcset=\"http:\/\/www.lagerkvist.se\/wp-content\/uploads\/IMG_5422-984x1024.jpg 984w, http:\/\/www.lagerkvist.se\/wp-content\/uploads\/IMG_5422-288x300.jpg 288w, http:\/\/www.lagerkvist.se\/wp-content\/uploads\/IMG_5422-768x799.jpg 768w, http:\/\/www.lagerkvist.se\/wp-content\/uploads\/IMG_5422-1476x1536.jpg 1476w, http:\/\/www.lagerkvist.se\/wp-content\/uploads\/IMG_5422-1968x2048.jpg 1968w\" sizes=\"(max-width: 423px) 100vw, 423px\" \/><\/figure>\n\n\n<p>Denna bok har just kommit ut p\u00e5 svenska och finns att k\u00f6pa i pappersform eller att laddas ner p\u00e5 Adlibris, Book on Demand eller i bokhandeln. Sannolikt kommer den komma ut \u00e4ven p\u00e5 engelska men det g\u00e5r ganska enkelt att sj\u00e4lv \u00f6vers\u00e4tta den kapitel f\u00f6r kapitel p\u00e5 Google translate etc.<\/p>\n<p><img decoding=\"async\" loading=\"lazy\" class=\"wp-image-4769 aligncenter\" src=\"http:\/\/www.lagerkvist.se\/wp-content\/uploads\/Untitled-design-1024x1024.png\" alt=\"\" width=\"709\" height=\"709\" srcset=\"http:\/\/www.lagerkvist.se\/wp-content\/uploads\/Untitled-design-1024x1024.png 1024w, http:\/\/www.lagerkvist.se\/wp-content\/uploads\/Untitled-design-150x150.png 150w, http:\/\/www.lagerkvist.se\/wp-content\/uploads\/Untitled-design-300x300.png 300w, http:\/\/www.lagerkvist.se\/wp-content\/uploads\/Untitled-design-768x768.png 768w, http:\/\/www.lagerkvist.se\/wp-content\/uploads\/Untitled-design.png 1080w\" sizes=\"(max-width: 709px) 100vw, 709px\" \/><\/p>","protected":false},"excerpt":{"rendered":"<p>Denna bok har just kommit ut p\u00e5 svenska och finns att k\u00f6pa i pappersform eller att laddas ner p\u00e5 Adlibris, Book on Demand eller i bokhandeln. Sannolikt kommer den komma ut \u00e4ven p\u00e5 engelska men det g\u00e5r ganska enkelt att sj\u00e4lv \u00f6vers\u00e4tta den kapitel f\u00f6r kapitel p\u00e5 Google translate etc.<\/p>\n","protected":false},"author":1,"featured_media":0,"parent":2036,"menu_order":0,"comment_status":"closed","ping_status":"closed","template":"","meta":{"footnotes":""},"_links":{"self":[{"href":"http:\/\/www.lagerkvist.se\/wp\/wp-json\/wp\/v2\/pages\/4767"}],"collection":[{"href":"http:\/\/www.lagerkvist.se\/wp\/wp-json\/wp\/v2\/pages"}],"about":[{"href":"http:\/\/www.lagerkvist.se\/wp\/wp-json\/wp\/v2\/types\/page"}],"author":[{"embeddable":true,"href":"http:\/\/www.lagerkvist.se\/wp\/wp-json\/wp\/v2\/users\/1"}],"replies":[{"embeddable":true,"href":"http:\/\/www.lagerkvist.se\/wp\/wp-json\/wp\/v2\/comments?post=4767"}],"version-history":[{"count":1,"href":"http:\/\/www.lagerkvist.se\/wp\/wp-json\/wp\/v2\/pages\/4767\/revisions"}],"predecessor-version":[{"id":4907,"href":"http:\/\/www.lagerkvist.se\/wp\/wp-json\/wp\/v2\/pages\/4767\/revisions\/4907"}],"up":[{"embeddable":true,"href":"http:\/\/www.lagerkvist.se\/wp\/wp-json\/wp\/v2\/pages\/2036"}],"wp:attachment":[{"href":"http:\/\/www.lagerkvist.se\/wp\/wp-json\/wp\/v2\/media?parent=4767"}],"curies":[{"name":"wp","href":"https:\/\/api.w.org\/{rel}","templated":true}]}}