{"id":216,"date":"2012-10-03T15:40:58","date_gmt":"2012-10-03T13:40:58","guid":{"rendered":"http:\/\/stalhos.eu\/wp\/?page_id=216"},"modified":"2020-02-26T16:15:39","modified_gmt":"2020-02-26T15:15:39","slug":"dobrodosli","status":"publish","type":"page","link":"http:\/\/www.lagerkvist.se\/wp\/dobrodosli\/","title":{"rendered":"Dobrodo\u0161li u LAGERKVIST <h22>&#038;<\/h22> PARTNERS"},"content":{"rendered":"<div align=\"justify\">\n<div align=\"justify\"><\/div>\n<p><span><img decoding=\"async\" loading=\"lazy\" class=\"size-medium wp-image-322 alignright\" alt=\"Magnus Lagerkvist\" src=\"http:\/\/www.lagerkvist.se\/wp-content\/uploads\/Magnus-2020-02-26.jpg\" width=\"185\" height=\"300\" \/><\/span><\/p>\n<div align=\"justify\"><\/div>\n<p><span>Ove su stranice napravljene da ukratko prika\u017eu ideju kako radimo i kako vidimo sebe. Vjerujem da najve\u0107i doprinos od strane vrhunske konzultantske firme le\u017ei u vlastitim eti\u010dkim principima. Mi, kao konzultantska ku\u0107a  moramo Vam biti u potpunosti lojalni kao na\u0161em klijentu \u2013 ne samo prema Va\u0161oj kompaniji, ve\u0107 i prema Vama kao fizi\u010dkoj osobi. Moramo biti sposobni nositi se s informacijama, koje su \u010desto osjetljive i vrlo povjerljive. Dosljednost i po\u0161tenje moraju nam biti uro\u0111eni kao profesionalnim pravnicima ili knjigovo\u0111ama. Tako\u0111er, moramo donjeti malo inovativnog novog razmi\u0161ljanja u Va\u0161u kompaniju.<\/span><\/p>\n<\/div>\n<div style=\"text-align: justify;\" align=\"justify\"><\/div>\n<div style=\"text-align: justify;\" align=\"justify\"><\/div>\n<div style=\"text-align: justify;\" align=\"justify\"><\/div>\n<p style=\"text-align: justify;\" align=\"justify\"><span>Iskreno vjerujemo u na\u0161e vode\u0107e principe koje mo\u017eemo sa\u017eeti u 3 rije\u010di: skromnost, moral i vje\u0161tina.<\/span><\/p>\n<div style=\"text-align: justify;\" align=\"justify\"><\/div>\n<div style=\"text-align: justify;\" align=\"justify\"><\/div>\n<p>Dobrodo\u0161li u svijet Lagerkvist &#038; Partners!<\/p>\n<div style=\"text-align: right;\" align=\"justify\"><\/div>\n<p style=\"text-align: right;\" align=\"justify\"><span><span><span><span><span><span><span><span><span><span><span><span><span><span><span><span><img decoding=\"async\" loading=\"lazy\" class=\"wp-image-40 alignnone\" title=\"underskrift_ml1\" alt=\"\" src=\"http:\/\/www.lagerkvist.se\/wp-content\/uploads\/underskrift_ml12.jpg\" width=\"185\" height=\"65\" \/><\/span><\/span><\/span><\/span><\/span><\/span><\/span><\/span><\/span><\/span><\/span><\/span><\/span><\/span><\/span><\/span><br \/>\nMagnus Lagerkvist<br \/>\nOsniva\u010d i glavni izvr\u0161ni direktor,<br \/>\nLAGERKVIST &amp; PARTNERS AB<\/p>\n","protected":false},"excerpt":{"rendered":"<p>Ove su stranice napravljene da ukratko prika\u017eu ideju kako radimo i kako vidimo sebe. Vjerujem da najve\u0107i doprinos od strane vrhunske konzultantske firme le\u017ei u vlastitim eti\u010dkim principima. Mi, kao konzultantska ku\u0107a moramo Vam biti u potpunosti lojalni kao na\u0161em klijentu \u2013 ne samo prema Va\u0161oj kompaniji, ve\u0107 i prema Vama kao fizi\u010dkoj osobi. Moramo <a class=\"more-link\" href=\"http:\/\/www.lagerkvist.se\/wp\/dobrodosli\/\">Read More &#8230;<\/a><\/p>\n","protected":false},"author":1,"featured_media":0,"parent":0,"menu_order":0,"comment_status":"closed","ping_status":"closed","template":"","meta":{"footnotes":""},"_links":{"self":[{"href":"http:\/\/www.lagerkvist.se\/wp\/wp-json\/wp\/v2\/pages\/216"}],"collection":[{"href":"http:\/\/www.lagerkvist.se\/wp\/wp-json\/wp\/v2\/pages"}],"about":[{"href":"http:\/\/www.lagerkvist.se\/wp\/wp-json\/wp\/v2\/types\/page"}],"author":[{"embeddable":true,"href":"http:\/\/www.lagerkvist.se\/wp\/wp-json\/wp\/v2\/users\/1"}],"replies":[{"embeddable":true,"href":"http:\/\/www.lagerkvist.se\/wp\/wp-json\/wp\/v2\/comments?post=216"}],"version-history":[{"count":0,"href":"http:\/\/www.lagerkvist.se\/wp\/wp-json\/wp\/v2\/pages\/216\/revisions"}],"wp:attachment":[{"href":"http:\/\/www.lagerkvist.se\/wp\/wp-json\/wp\/v2\/media?parent=216"}],"curies":[{"name":"wp","href":"https:\/\/api.w.org\/{rel}","templated":true}]}}