{"id":2012,"date":"2015-01-12T16:18:41","date_gmt":"2013-04-10T16:03:44","guid":{"rendered":"http:\/\/stalhos.eu\/wp\/?page_id=2012"},"modified":"2016-06-14T17:13:28","modified_gmt":"2016-06-14T15:13:28","slug":"karijere","status":"publish","type":"page","link":"http:\/\/www.lagerkvist.se\/wp\/kontakt-2\/karijere\/","title":{"rendered":"Karijere"},"content":{"rendered":"<p>Zainteresirani za rad s nama? Molim Vas po\u0161aljite zahtjev na: <a href=\"mailto:recruitment@lagerkvist.se\">recruitment@lagerkvist.se<\/a><\/p>\n<p>Va\u0161 zahtjev trebao bi sadr\u017eati slijede\u0107e dokumente:<\/p>\n<ul>\n<li>\u017divotopis<\/li>\n<li>Popratno pismo<\/li>\n<li>Prijepis diplome<\/li>\n<\/ul>\n<p>Mi tr\u017eimo pripravnike I konzultante za na na\u0161e urede.<\/p>\n<p>Ako imate pitanja, molim Vas da nas kontaktirate. Po\u0161aljite vase upite na <a href=\"mailto:recruitment@lagerkvist.se\">recruitment@lagerkvist.se<\/a> .<\/p>\n<p>&nbsp;<\/p>\n","protected":false},"excerpt":{"rendered":"<p>Zainteresirani za rad s nama? Molim Vas po\u0161aljite zahtjev na: recruitment@lagerkvist.se Va\u0161 zahtjev trebao bi sadr\u017eati slijede\u0107e dokumente: \u017divotopis Popratno pismo Prijepis diplome Mi tr\u017eimo pripravnike I konzultante za na na\u0161e urede. Ako imate pitanja, molim Vas da nas kontaktirate. Po\u0161aljite vase upite na recruitment@lagerkvist.se . &nbsp;<\/p>\n","protected":false},"author":1,"featured_media":0,"parent":2188,"menu_order":0,"comment_status":"closed","ping_status":"closed","template":"","meta":{"footnotes":""},"_links":{"self":[{"href":"http:\/\/www.lagerkvist.se\/wp\/wp-json\/wp\/v2\/pages\/2012"}],"collection":[{"href":"http:\/\/www.lagerkvist.se\/wp\/wp-json\/wp\/v2\/pages"}],"about":[{"href":"http:\/\/www.lagerkvist.se\/wp\/wp-json\/wp\/v2\/types\/page"}],"author":[{"embeddable":true,"href":"http:\/\/www.lagerkvist.se\/wp\/wp-json\/wp\/v2\/users\/1"}],"replies":[{"embeddable":true,"href":"http:\/\/www.lagerkvist.se\/wp\/wp-json\/wp\/v2\/comments?post=2012"}],"version-history":[{"count":0,"href":"http:\/\/www.lagerkvist.se\/wp\/wp-json\/wp\/v2\/pages\/2012\/revisions"}],"up":[{"embeddable":true,"href":"http:\/\/www.lagerkvist.se\/wp\/wp-json\/wp\/v2\/pages\/2188"}],"wp:attachment":[{"href":"http:\/\/www.lagerkvist.se\/wp\/wp-json\/wp\/v2\/media?parent=2012"}],"curies":[{"name":"wp","href":"https:\/\/api.w.org\/{rel}","templated":true}]}}