{"id":1942,"date":"2013-04-10T17:51:03","date_gmt":"2013-02-20T06:46:51","guid":{"rendered":"http:\/\/stalhos.eu\/wp\/?page_id=1942"},"modified":"2015-06-10T12:13:27","modified_gmt":"2015-06-10T10:13:27","slug":"press-releases-2010_se","status":"publish","type":"page","link":"http:\/\/www.lagerkvist.se\/wp\/pressmeddelanden\/press-releases-2010_se\/","title":{"rendered":"Pressmeddelanden 2010"},"content":{"rendered":"<h2>2010-11-22: Utsikter f\u00f6r energin p\u00e5 l\u00e5ng, medell\u00e5ng och kort sikt (endast p\u00e5 engelska)<\/h2>\n<p><a href=\"\/wp-content\/uploads\/2010-11-22-Energy-Outlook-in-the-Long-Medium-and-Short-run.pdf\" rel=\"attachment wp-att-279\">2010-11-22 &#8211; Dokument<\/a><\/p>\n<h2>2010-09-18: VD och Koncernchef Magnus Lagerkvist blir utsedd till styrelseordf\u00f6rande i Kultur N\u00e4ringsliv<\/h2>\n<p><a href=\"\/wp-content\/uploads\/2010-09-18-CEO-Magnus-Lagerkvist-named-Chairman-of-Kultur-och-Naringsliv.pdf\" rel=\"attachment wp-att-278\">2010-09-18 &#8211; Dokument<\/a><\/p>\n","protected":false},"excerpt":{"rendered":"<p>2010-11-22: Utsikter f\u00f6r energin p\u00e5 l\u00e5ng, medell\u00e5ng och kort sikt (endast p\u00e5 engelska) 2010-11-22 &#8211; Dokument 2010-09-18: VD och Koncernchef Magnus Lagerkvist blir utsedd till styrelseordf\u00f6rande i Kultur N\u00e4ringsliv 2010-09-18 &#8211; Dokument<\/p>\n","protected":false},"author":1,"featured_media":0,"parent":1916,"menu_order":0,"comment_status":"closed","ping_status":"closed","template":"","meta":{"footnotes":""},"_links":{"self":[{"href":"http:\/\/www.lagerkvist.se\/wp\/wp-json\/wp\/v2\/pages\/1942"}],"collection":[{"href":"http:\/\/www.lagerkvist.se\/wp\/wp-json\/wp\/v2\/pages"}],"about":[{"href":"http:\/\/www.lagerkvist.se\/wp\/wp-json\/wp\/v2\/types\/page"}],"author":[{"embeddable":true,"href":"http:\/\/www.lagerkvist.se\/wp\/wp-json\/wp\/v2\/users\/1"}],"replies":[{"embeddable":true,"href":"http:\/\/www.lagerkvist.se\/wp\/wp-json\/wp\/v2\/comments?post=1942"}],"version-history":[{"count":0,"href":"http:\/\/www.lagerkvist.se\/wp\/wp-json\/wp\/v2\/pages\/1942\/revisions"}],"up":[{"embeddable":true,"href":"http:\/\/www.lagerkvist.se\/wp\/wp-json\/wp\/v2\/pages\/1916"}],"wp:attachment":[{"href":"http:\/\/www.lagerkvist.se\/wp\/wp-json\/wp\/v2\/media?parent=1942"}],"curies":[{"name":"wp","href":"https:\/\/api.w.org\/{rel}","templated":true}]}}